{"id":72565,"date":"2018-03-14T11:35:04","date_gmt":"2018-03-14T09:35:04","guid":{"rendered":"http:\/\/metaxaslaw.qhosting.gr\/german-desk\/"},"modified":"2021-04-15T10:16:33","modified_gmt":"2021-04-15T07:16:33","slug":"german-desk","status":"publish","type":"page","link":"https:\/\/www.metaxaslaw.gr\/el\/german-desk\/","title":{"rendered":"German Desk"},"content":{"rendered":"<div class=\"wpb-content-wrapper\"><p>[vc_row row_height_percent=&#8221;0&#8243; override_padding=&#8221;yes&#8221; h_padding=&#8221;2&#8243; top_padding=&#8221;2&#8243; bottom_padding=&#8221;0&#8243; overlay_alpha=&#8221;50&#8243; gutter_size=&#8221;3&#8243; column_width_percent=&#8221;100&#8243; shift_y=&#8221;0&#8243; z_index=&#8221;0&#8243;][vc_column width=&#8221;1\/1&#8243;][vc_custom_heading]Deutschsprachige Abteilung.[\/vc_custom_heading][\/vc_column][\/vc_row][vc_row][vc_column width=&#8221;1\/2&#8243;][vc_column_text text_lead=&#8221;yes&#8221;]Um unsere deutschsprachigen Mandanten besser betreuen zu k\u00f6nnen, haben wir einen German Desk gegr\u00fcndet. Dessen Mitglieder sind hochqualifizierte deutschsprachige Rechtsanw\u00e4lte, die in Deutschland studiert, promoviert und\/oder in Kanzleien oder Firmen in Deutschland gearbeitet haben.[\/vc_column_text][\/vc_column][vc_column width=&#8221;1\/2&#8243;][vc_column_text]Unsere Anw\u00e4lte fungieren nicht nur als deutschsprachige Berater, sondern auch als Spezialisten, die die Entwicklungen auf den betreffenden M\u00e4rkten nah verfolgen, mit der deutschen Arbeitskultur vertraut sind und die besonderen Bed\u00fcrfnisse und Anspr\u00fcche von Mandanten des deutschsprachigen Raums bedienen k\u00f6nnen.<\/p>\n<p>Leiter des German Desk ist unser Managing Partner, <strong><a href=\"http:\/\/www.metaxaslaw.gr\/dr-antonis-metaxas\/\">Professor Dr. A. Metaxas<\/a><\/strong>, ein in Deutschland promovierter hochqualifizierter und erfahrener Anwalt mit internationaler Anerkennung.[\/vc_column_text][\/vc_column][\/vc_row][vc_row unlock_row_content=&#8221;yes&#8221; row_height_percent=&#8221;0&#8243; override_padding=&#8221;yes&#8221; h_padding=&#8221;0&#8243; top_padding=&#8221;2&#8243; bottom_padding=&#8221;2&#8243; overlay_alpha=&#8221;50&#8243; gutter_size=&#8221;3&#8243; column_width_percent=&#8221;100&#8243; shift_y=&#8221;0&#8243; z_index=&#8221;0&#8243;][vc_column width=&#8221;1\/1&#8243;][\/vc_column][\/vc_row][vc_row row_height_percent=&#8221;0&#8243; override_padding=&#8221;yes&#8221; h_padding=&#8221;2&#8243; top_padding=&#8221;2&#8243; bottom_padding=&#8221;0&#8243; overlay_alpha=&#8221;50&#8243; gutter_size=&#8221;3&#8243; column_width_percent=&#8221;100&#8243; shift_y=&#8221;0&#8243; z_index=&#8221;0&#8243;][vc_column width=&#8221;1\/1&#8243;][vc_custom_heading]Die Kanzlei[\/vc_custom_heading][\/vc_column][\/vc_row][vc_row][vc_column width=&#8221;1\/2&#8243;][vc_column_text]<\/p>\n<h3>Internationale Ausrichtung<br \/>\nund Expertise<\/h3>\n<p>Metaxas &amp; Associates ist eine griechische Rechtsanwaltskanzlei mit einer deutlich internationalen Ausrichtung. Unsere Rechtsberatung ist mandantenfreundlich und den Bed\u00fcrfnissen jedes Mandanten angepasst. Wir haben eine besondere Expertise darin entwickelt, unsere internationalen Kunden auf die Besonderheiten des griechischen Gesch\u00e4ftslebens und Rechtsumfeldes hinzuweisen. Unsere Kanzlei ist besonders daf\u00fcr bekannt, eine umfassende, hochqualitative rechtliche Beratung in den Rechtsbereichen, die f\u00fcr unsere Mandanten von Relevanz sind, zu liefern. Diverse Abteilungen unserer Kanzlei (z. B. unsere Energierechtabteilung) sind als f\u00fchrend in ihrem T\u00e4tigkeitsbereich bekannt. Wir verpflichten uns voll der beruflichen Integrit\u00e4t und Praktiken, die die Unternehmensethik f\u00f6rdern.[\/vc_column_text][\/vc_column][vc_column width=&#8221;1\/2&#8243;][vc_column_text]<\/p>\n<h3>Honorarstruktur<\/h3>\n<p>Unsere Kanzlei ist flexibel und kann unterschiedliche Verg\u00fctungsarten anwenden, abh\u00e4ngig von den Bed\u00fcrfnissen unseres Mandanten. Diese reichen von unseren standardm\u00e4\u00dfigen Stundens\u00e4tzen, bis zu unterschiedlichen Formen einer wertorientierten Verg\u00fctung, inklusive beispielsweise einem Pauschalhonorar, gedeckelter Stundenverg\u00fctung, Pauschalhonorar f\u00fcr eine bestimme Zeitspanne, Erfolgshonorar und anderen alternativen Honorarvereinbarungen.[\/vc_column_text][\/vc_column][\/vc_row][vc_row unlock_row_content=&#8221;yes&#8221; row_height_percent=&#8221;0&#8243; override_padding=&#8221;yes&#8221; h_padding=&#8221;0&#8243; top_padding=&#8221;2&#8243; bottom_padding=&#8221;2&#8243; overlay_alpha=&#8221;50&#8243; gutter_size=&#8221;3&#8243; column_width_percent=&#8221;100&#8243; shift_y=&#8221;0&#8243; z_index=&#8221;0&#8243;][vc_column width=&#8221;1\/1&#8243;][\/vc_column][\/vc_row][vc_row][vc_column width=&#8221;1\/2&#8243;][vc_custom_heading]Dienstleistungen[\/vc_custom_heading][vc_column_text text_lead=&#8221;yes&#8221;]Metaxas &amp; Associates bietet umfassende, hochqualitative Rechtsdienstleistungen in einem breiten Spektrum von Rechtsgebieten und Branchen an. Gerichtsverfahren stellen einen unerl\u00e4sslichen und wichtigen Teil s\u00e4mtlicher unserer Kompetenzfelder, auf die unsere Kanzlei spezialisiert ist.[\/vc_column_text][\/vc_column][vc_column width=&#8221;1\/2&#8243;][vc_custom_heading]Kompetenzfelder[\/vc_custom_heading][vc_column_text]&gt; Europarecht<br \/>\n&gt; Verwaltungsrecht<br \/>\n&gt; Bank- und Finanzrecht<br \/>\n&gt; Wirtschaftsdelikte &amp; Compliance<br \/>\n&gt; Wettbewerbs- und Kartellrecht<br \/>\n&gt; Gesellschaftsrecht<br \/>\n&gt; Z\u00f6lle<br \/>\n&gt; Datenschutz<br \/>\n&gt; Arbeitsrecht<br \/>\n&gt; Insolvenz &amp; Restrukturierung<br \/>\n&gt; Versicherungen<br \/>\n&gt; Geistiges Eigentum &amp; gewerblicher Rechtsschutz<br \/>\n&gt; Streitbeilegung<br \/>\n&gt; Mergers &amp; Acquisitions<br \/>\n&gt; Projektfinanzierungen<br \/>\n&gt; Vergabe \u00f6ffentlicher Auftr\u00e4ge &amp; Projekte<br \/>\n&gt; Steuerrecht<br \/>\n&gt; EU Beihilferecht[\/vc_column_text][vc_custom_heading]Industriesektoren[\/vc_custom_heading][vc_column_text]&gt; Energie<br \/>\n&gt; Automobilsektor &amp; industrielle Technologie<br \/>\n&gt; Luftfahrt<br \/>\n&gt; Lebensmittel &amp; Getr\u00e4nke<br \/>\n&gt; Gesundheitswesen<br \/>\n&gt; IT<br \/>\n&gt; Immobilien<br \/>\n&gt; Telekommunikation[\/vc_column_text][\/vc_column][\/vc_row]<\/p>\n<\/div>","protected":false},"excerpt":{"rendered":"<p>[vc_row row_height_percent=&#8221;0&#8243; override_padding=&#8221;yes&#8221; h_padding=&#8221;2&#8243; top_padding=&#8221;2&#8243; bottom_padding=&#8221;0&#8243; overlay_alpha=&#8221;50&#8243; gutter_size=&#8221;3&#8243; column_width_percent=&#8221;100&#8243; shift_y=&#8221;0&#8243; z_index=&#8221;0&#8243;][vc_column width=&#8221;1\/1&#8243;][vc_custom_heading]Deutschsprachige Abteilung.[\/vc_custom_heading][\/vc_column][\/vc_row][vc_row][vc_column width=&#8221;1\/2&#8243;][vc_column_text text_lead=&#8221;yes&#8221;]Um unsere deutschsprachigen Mandanten besser betreuen [&hellip;]<\/p>\n","protected":false},"author":3,"featured_media":0,"parent":0,"menu_order":25,"comment_status":"closed","ping_status":"closed","template":"","meta":{"footnotes":""},"class_list":["post-72565","page","type-page","status-publish","hentry"],"_links":{"self":[{"href":"https:\/\/www.metaxaslaw.gr\/el\/wp-json\/wp\/v2\/pages\/72565","targetHints":{"allow":["GET"]}}],"collection":[{"href":"https:\/\/www.metaxaslaw.gr\/el\/wp-json\/wp\/v2\/pages"}],"about":[{"href":"https:\/\/www.metaxaslaw.gr\/el\/wp-json\/wp\/v2\/types\/page"}],"author":[{"embeddable":true,"href":"https:\/\/www.metaxaslaw.gr\/el\/wp-json\/wp\/v2\/users\/3"}],"replies":[{"embeddable":true,"href":"https:\/\/www.metaxaslaw.gr\/el\/wp-json\/wp\/v2\/comments?post=72565"}],"version-history":[{"count":0,"href":"https:\/\/www.metaxaslaw.gr\/el\/wp-json\/wp\/v2\/pages\/72565\/revisions"}],"wp:attachment":[{"href":"https:\/\/www.metaxaslaw.gr\/el\/wp-json\/wp\/v2\/media?parent=72565"}],"curies":[{"name":"wp","href":"https:\/\/api.w.org\/{rel}","templated":true}]}}